{"id":1011,"date":"2020-03-24T11:24:36","date_gmt":"2020-03-24T09:24:36","guid":{"rendered":"http:\/\/www.kolpingevent.de\/?page_id=1011"},"modified":"2023-11-14T22:13:01","modified_gmt":"2023-11-14T20:13:01","slug":"pfingstfreizeit","status":"publish","type":"page","link":"https:\/\/www.kolpingevent.de\/?page_id=1011","title":{"rendered":"Pfingstfreizeiten"},"content":{"rendered":"\n<p>Jedes Jahr nutzen wir das verl\u00e4ngerte Pfingstwochenende und fahren gemeinsam weg. Mit Spiel, Spa\u00df und einem j\u00e4hrlich wechselnden Motto verbringen wir das Wochenende in einem Selbstversorgerhaus. Anmeldung und Informationen bei Maria Lajin [maria.lajin(at)kolpingevent.de].<\/p>\n\n\n\n<p>Unser Kolping-Familienkreis f\u00e4hrt j\u00e4hrlich auf Familienfreizeit, Informationen hierzu gibt es bei Markus Heitz [markus.heitz(at)kolpingevent.de]. <\/p>\n\n\n\n<figure class=\"wp-block-image size-full is-style-default\"><a href=\"http:\/\/www.kolpingevent.de\/wp-content\/uploads\/2023\/11\/Pfingstfreizeit-2023.jpg\"><img loading=\"lazy\" width=\"350\" height=\"245\" src=\"http:\/\/www.kolpingevent.de\/wp-content\/uploads\/2023\/11\/Pfingstfreizeit-2023.jpg\" alt=\"\" class=\"wp-image-1348\" srcset=\"https:\/\/www.kolpingevent.de\/wp-content\/uploads\/2023\/11\/Pfingstfreizeit-2023.jpg 350w, https:\/\/www.kolpingevent.de\/wp-content\/uploads\/2023\/11\/Pfingstfreizeit-2023-300x210.jpg 300w\" sizes=\"(max-width: 350px) 100vw, 350px\" \/><\/a><\/figure>\n\n\n\n<p><strong>Kolpingjugend St. Albert wieder auf gro\u00dfer Fahrt<\/strong><\/p>\n\n\n\n<p>Am Pfingstwochenende fuhr das siebenk\u00f6pfige Leitungsteam mit 18 Kindern wieder mit Bus und Bahn auf Freizeit. Dies hat Tradition bei der Kolpingjugend. Einmal ist es uns wichtig umweltfreundlicher unterwegs zu sein, andererseits birgt die Fahrt f\u00fcr alle viel Spa\u00df und f\u00fcr die Kleinen ein gro\u00dfes Abenteuer. Thema der Freizeit in diesem Jahr war, \u201eDer Schatz von Nahnstein\u201c. Nachdem wir angekommen waren, bezogen wir die Zimmer, a\u00dfen zu Abend und spielten auf dem Spielplatz direkt vorm Haus. Samstag ging es morgens mit einer langen Wanderung los, bei der es zur Burg Nahnstein in Landstuhl ging. Dort picknickten wir und anschlie\u00dfend suchten wir die Schatzkarten vom Schatz von Nahnstein. Relativ schnell fanden wir 4 Schatzkarten. Danach wanderten wir zur\u00fcck zu unserer Unterkunft. Den Abend verbrachten die Kinder mit Spielen auf dem gro\u00dfen Gel\u00e4nde unseres Hauses. Sonntagmorgen folgten wir den Schatzkarten vom Vortag und fanden 4 kleine Schatztruhen mit 4 Schl\u00f6ssern. Um diese zu \u00f6ffnen, musste jede Gruppe dazu 4 Aufgaben l\u00f6sen. Daf\u00fcr wanderten wir nochmal eine kurze Runde, die uns direkt an der Airbase vorbei f\u00fchrte. Uns gab dies eine ph\u00e4nomenalen Anblick als ein Flugzeug wenige Meter \u00fcber uns flog und landete. Aber nat\u00fcrlich mussten auch noch die 4 Aufgaben gel\u00f6st werden. Die erste Aufgabe, die wir zu l\u00f6sen hatten, war der \u201eFr\u00f6belturm\u201c. Beim Fr\u00f6belturm hat jeder ein Seil in der Hand, die in der Mitte an einer Art Griff verbunden sind. Mit diesem Griff m\u00fcssen nun mehrere Holzbl\u00f6cke aufeinandergestapelt werden. Nachdem dies geschafft war, konnten wir das erste Schloss \u00f6ffnen. Bei der Zweiten Station mussten wir mit verbunden Augen und einem Seil in der Hand verschiedene Formen mit dem Seil darstellen. Bei der dritten Station mussten wir, mithilfe von mehreren Pappr\u00f6hren, eine Murmel \u00fcber eine Strecke von mehreren Metern \u00fcberwinden, ohne dass die Murmel auf den Boden f\u00e4llt. Nun kehrten wir zu unserer Unterkunft zur\u00fcck, wo nach dem Mittagessen die letzte Aufgabe zu \u00fcberwinden war. Bei dieser Aufgabe musste jede Gruppe versuchen eine aufgerollte Klopapierrolle \u00fcber eine Strecke von ca. 10m transportieren, ohne dass sie rei\u00dft geht. Problem dabei war, dass am Rand die Betreuer standen, und mit Wasserbechern versuchten die Gruppen nass zu machen, was h\u00e4ufig dazu f\u00fchrte, dass dyas Klopapier rei\u00dfte. Nachdem dies geschafft war, konnten wir endlich die 4 kleinen Schatztruhen \u00f6ffnen und fanden jeweils einen kleinen Zettel mit einer Zahl und dem Hinweis, dass es eine weitere gro\u00dfe Schatztruhe gab. Diese wurde schnell gefunden und mithilfe der 4 Zahlen ge\u00f6ffnet. In der Truhe fanden wir Wassereis, das wir direkt verzehrten. Abends feierten wir noch gemeinsam einen Gottesdienst. Thema war \u201eDer Schatz im Acker\u201c und wir unterhielten uns dar\u00fcber was oder wer in unsrem Leben ein Schatz ist. Am Abend spielten wir verschiedene Spiele, im Sinne von \u201eSchlag den Raab\u201c und \u201eDie perfekte Minute\u201c. Montagmorgen mussten wir leider das Haus aufr\u00e4umen und putzen. Anschlie\u00dfend mussten wir uns leider wieder auf dem Heimweg machen, welches wieder ein gro\u00dfes Abenteuer war, da wir aufgrund einer Vollsperrung einen l\u00e4ngeren Aufenthalt in Neustadt hatten und unsere gro\u00dfe Gruppe, den vollen Zug belebte. Gegen 17:00 kamen wir dann mit etwas Versp\u00e4tung an. Wir alle hatten w\u00e4hrend der ganzen Freizeit viel Spa\u00df und freuen uns schon auf n\u00e4chstes Jahr. JH<\/p>\n\n\n\n<figure class=\"wp-block-image size-full is-style-default\"><a href=\"http:\/\/www.kolpingevent.de\/wp-content\/uploads\/2023\/11\/Pfingsfreizeit-2023.jpg\"><img loading=\"lazy\" width=\"242\" height=\"165\" src=\"http:\/\/www.kolpingevent.de\/wp-content\/uploads\/2023\/11\/Pfingsfreizeit-2023.jpg\" alt=\"\" class=\"wp-image-1350\"\/><\/a><\/figure>\n","protected":false},"excerpt":{"rendered":"<p>Jedes Jahr nutzen wir das verl\u00e4ngerte Pfingstwochenende und fahren gemeinsam weg. Mit Spiel, Spa\u00df und einem j\u00e4hrlich wechselnden Motto verbringen wir das Wochenende in einem Selbstversorgerhaus. Anmeldung und Informationen bei Maria Lajin [maria.lajin(at)kolpingevent.de]. Unser Kolping-Familienkreis f\u00e4hrt j\u00e4hrlich auf Familienfreizeit, Informationen &hellip; <a href=\"https:\/\/www.kolpingevent.de\/?page_id=1011\">Weiterlesen <span class=\"meta-nav\">&rarr;<\/span><\/a><\/p>\n","protected":false},"author":1,"featured_media":0,"parent":0,"menu_order":0,"comment_status":"closed","ping_status":"closed","template":"","meta":[],"_links":{"self":[{"href":"https:\/\/www.kolpingevent.de\/index.php?rest_route=\/wp\/v2\/pages\/1011"}],"collection":[{"href":"https:\/\/www.kolpingevent.de\/index.php?rest_route=\/wp\/v2\/pages"}],"about":[{"href":"https:\/\/www.kolpingevent.de\/index.php?rest_route=\/wp\/v2\/types\/page"}],"author":[{"embeddable":true,"href":"https:\/\/www.kolpingevent.de\/index.php?rest_route=\/wp\/v2\/users\/1"}],"replies":[{"embeddable":true,"href":"https:\/\/www.kolpingevent.de\/index.php?rest_route=%2Fwp%2Fv2%2Fcomments&post=1011"}],"version-history":[{"count":13,"href":"https:\/\/www.kolpingevent.de\/index.php?rest_route=\/wp\/v2\/pages\/1011\/revisions"}],"predecessor-version":[{"id":1351,"href":"https:\/\/www.kolpingevent.de\/index.php?rest_route=\/wp\/v2\/pages\/1011\/revisions\/1351"}],"wp:attachment":[{"href":"https:\/\/www.kolpingevent.de\/index.php?rest_route=%2Fwp%2Fv2%2Fmedia&parent=1011"}],"curies":[{"name":"wp","href":"https:\/\/api.w.org\/{rel}","templated":true}]}}