{"id":1013,"date":"2020-03-24T11:24:36","date_gmt":"2020-03-24T09:24:36","guid":{"rendered":"http:\/\/www.kolpingevent.de\/?page_id=1013"},"modified":"2023-11-14T22:20:21","modified_gmt":"2023-11-14T20:20:21","slug":"tannenbaumverkauf","status":"publish","type":"page","link":"https:\/\/www.kolpingevent.de\/?page_id=1013","title":{"rendered":"Tannenbaumverkauf"},"content":{"rendered":"\n<p><strong>Tannenbaumverkauf mit Weihnachtsmarkt<br><\/strong><br>Seit mehr als 10 Jahren gibt es nun den Tannenbaumverkauf auf der Pfingstweide. P\u00fcnktlich um 12 Uhr geht es los. Neben den B\u00e4umen gibt es leckere Bratw\u00fcrste, hei\u00dfen Gl\u00fchwein oder Kinderpunsch und Blasmusik zur Unterhaltung. Am 11.12.2021 ist es wieder soweit. <br>Wer einen Stand bei unserem kleinen Weihnachtsmarkt \u00f6ffnen m\u00f6chte meldet sich bitte bei maria.lajin(at)kolpingevent.de.<\/p>\n\n\n\n<figure class=\"wp-block-image size-large is-style-default\"><a href=\"http:\/\/www.kolpingevent.de\/wp-content\/uploads\/2023\/11\/Tannenbaumverkauf.png\"><img loading=\"lazy\" width=\"724\" height=\"1024\" src=\"http:\/\/www.kolpingevent.de\/wp-content\/uploads\/2023\/11\/Tannenbaumverkauf-724x1024.png\" alt=\"\" class=\"wp-image-1355\" srcset=\"https:\/\/www.kolpingevent.de\/wp-content\/uploads\/2023\/11\/Tannenbaumverkauf-724x1024.png 724w, https:\/\/www.kolpingevent.de\/wp-content\/uploads\/2023\/11\/Tannenbaumverkauf-212x300.png 212w, https:\/\/www.kolpingevent.de\/wp-content\/uploads\/2023\/11\/Tannenbaumverkauf-768x1086.png 768w, https:\/\/www.kolpingevent.de\/wp-content\/uploads\/2023\/11\/Tannenbaumverkauf-1086x1536.png 1086w, https:\/\/www.kolpingevent.de\/wp-content\/uploads\/2023\/11\/Tannenbaumverkauf-1448x2048.png 1448w, https:\/\/www.kolpingevent.de\/wp-content\/uploads\/2023\/11\/Tannenbaumverkauf.png 1587w\" sizes=\"(max-width: 724px) 100vw, 724px\" \/><\/a><\/figure>\n\n\n\n<figure class=\"wp-block-gallery columns-3 is-cropped\"><ul class=\"blocks-gallery-grid\"><li class=\"blocks-gallery-item\"><figure><img loading=\"lazy\" width=\"1024\" height=\"685\" src=\"http:\/\/www.kolpingevent.de\/wp-content\/uploads\/2021\/04\/DSC_0159-1024x685.jpg\" alt=\"\" data-id=\"1125\" data-full-url=\"http:\/\/www.kolpingevent.de\/wp-content\/uploads\/2021\/04\/DSC_0159-scaled.jpg\" data-link=\"http:\/\/www.kolpingevent.de\/?attachment_id=1125\" class=\"wp-image-1125\" srcset=\"https:\/\/www.kolpingevent.de\/wp-content\/uploads\/2021\/04\/DSC_0159-1024x685.jpg 1024w, https:\/\/www.kolpingevent.de\/wp-content\/uploads\/2021\/04\/DSC_0159-300x201.jpg 300w, https:\/\/www.kolpingevent.de\/wp-content\/uploads\/2021\/04\/DSC_0159-768x514.jpg 768w, https:\/\/www.kolpingevent.de\/wp-content\/uploads\/2021\/04\/DSC_0159-1536x1028.jpg 1536w, https:\/\/www.kolpingevent.de\/wp-content\/uploads\/2021\/04\/DSC_0159-2048x1371.jpg 2048w\" sizes=\"(max-width: 1024px) 100vw, 1024px\" \/><\/figure><\/li><li class=\"blocks-gallery-item\"><figure><img loading=\"lazy\" width=\"1024\" height=\"685\" src=\"http:\/\/www.kolpingevent.de\/wp-content\/uploads\/2021\/04\/DSC_0175-1024x685.jpg\" alt=\"\" data-id=\"1126\" data-full-url=\"http:\/\/www.kolpingevent.de\/wp-content\/uploads\/2021\/04\/DSC_0175-scaled.jpg\" data-link=\"http:\/\/www.kolpingevent.de\/?attachment_id=1126\" class=\"wp-image-1126\" srcset=\"https:\/\/www.kolpingevent.de\/wp-content\/uploads\/2021\/04\/DSC_0175-1024x685.jpg 1024w, https:\/\/www.kolpingevent.de\/wp-content\/uploads\/2021\/04\/DSC_0175-300x201.jpg 300w, https:\/\/www.kolpingevent.de\/wp-content\/uploads\/2021\/04\/DSC_0175-768x514.jpg 768w, https:\/\/www.kolpingevent.de\/wp-content\/uploads\/2021\/04\/DSC_0175-1536x1028.jpg 1536w, https:\/\/www.kolpingevent.de\/wp-content\/uploads\/2021\/04\/DSC_0175-2048x1371.jpg 2048w\" sizes=\"(max-width: 1024px) 100vw, 1024px\" \/><\/figure><\/li><li class=\"blocks-gallery-item\"><figure><img loading=\"lazy\" width=\"1024\" height=\"685\" src=\"http:\/\/www.kolpingevent.de\/wp-content\/uploads\/2021\/04\/DSC_0176-1024x685.jpg\" alt=\"\" data-id=\"1127\" data-full-url=\"http:\/\/www.kolpingevent.de\/wp-content\/uploads\/2021\/04\/DSC_0176-scaled.jpg\" data-link=\"http:\/\/www.kolpingevent.de\/?attachment_id=1127\" class=\"wp-image-1127\" srcset=\"https:\/\/www.kolpingevent.de\/wp-content\/uploads\/2021\/04\/DSC_0176-1024x685.jpg 1024w, https:\/\/www.kolpingevent.de\/wp-content\/uploads\/2021\/04\/DSC_0176-300x201.jpg 300w, https:\/\/www.kolpingevent.de\/wp-content\/uploads\/2021\/04\/DSC_0176-768x514.jpg 768w, https:\/\/www.kolpingevent.de\/wp-content\/uploads\/2021\/04\/DSC_0176-1536x1028.jpg 1536w, https:\/\/www.kolpingevent.de\/wp-content\/uploads\/2021\/04\/DSC_0176-2048x1371.jpg 2048w\" sizes=\"(max-width: 1024px) 100vw, 1024px\" \/><\/figure><\/li><li class=\"blocks-gallery-item\"><figure><img loading=\"lazy\" width=\"1024\" height=\"685\" src=\"http:\/\/www.kolpingevent.de\/wp-content\/uploads\/2021\/04\/DSC_0179-1024x685.jpg\" alt=\"\" data-id=\"1128\" data-full-url=\"http:\/\/www.kolpingevent.de\/wp-content\/uploads\/2021\/04\/DSC_0179-scaled.jpg\" data-link=\"http:\/\/www.kolpingevent.de\/?attachment_id=1128\" class=\"wp-image-1128\" srcset=\"https:\/\/www.kolpingevent.de\/wp-content\/uploads\/2021\/04\/DSC_0179-1024x685.jpg 1024w, https:\/\/www.kolpingevent.de\/wp-content\/uploads\/2021\/04\/DSC_0179-300x201.jpg 300w, https:\/\/www.kolpingevent.de\/wp-content\/uploads\/2021\/04\/DSC_0179-768x514.jpg 768w, https:\/\/www.kolpingevent.de\/wp-content\/uploads\/2021\/04\/DSC_0179-1536x1028.jpg 1536w, https:\/\/www.kolpingevent.de\/wp-content\/uploads\/2021\/04\/DSC_0179-2048x1371.jpg 2048w\" sizes=\"(max-width: 1024px) 100vw, 1024px\" \/><\/figure><\/li><li class=\"blocks-gallery-item\"><figure><img loading=\"lazy\" width=\"1024\" height=\"685\" src=\"http:\/\/www.kolpingevent.de\/wp-content\/uploads\/2021\/04\/DSC_0181-1024x685.jpg\" alt=\"\" data-id=\"1129\" data-full-url=\"http:\/\/www.kolpingevent.de\/wp-content\/uploads\/2021\/04\/DSC_0181-scaled.jpg\" data-link=\"http:\/\/www.kolpingevent.de\/?attachment_id=1129\" class=\"wp-image-1129\" srcset=\"https:\/\/www.kolpingevent.de\/wp-content\/uploads\/2021\/04\/DSC_0181-1024x685.jpg 1024w, https:\/\/www.kolpingevent.de\/wp-content\/uploads\/2021\/04\/DSC_0181-300x201.jpg 300w, https:\/\/www.kolpingevent.de\/wp-content\/uploads\/2021\/04\/DSC_0181-768x514.jpg 768w, https:\/\/www.kolpingevent.de\/wp-content\/uploads\/2021\/04\/DSC_0181-1536x1028.jpg 1536w, https:\/\/www.kolpingevent.de\/wp-content\/uploads\/2021\/04\/DSC_0181-2048x1371.jpg 2048w\" sizes=\"(max-width: 1024px) 100vw, 1024px\" \/><\/figure><\/li><li class=\"blocks-gallery-item\"><figure><img loading=\"lazy\" width=\"1024\" height=\"685\" src=\"http:\/\/www.kolpingevent.de\/wp-content\/uploads\/2021\/04\/DSC_0183-1024x685.jpg\" alt=\"\" data-id=\"1131\" data-full-url=\"http:\/\/www.kolpingevent.de\/wp-content\/uploads\/2021\/04\/DSC_0183-scaled.jpg\" data-link=\"http:\/\/www.kolpingevent.de\/?attachment_id=1131\" class=\"wp-image-1131\" srcset=\"https:\/\/www.kolpingevent.de\/wp-content\/uploads\/2021\/04\/DSC_0183-1024x685.jpg 1024w, https:\/\/www.kolpingevent.de\/wp-content\/uploads\/2021\/04\/DSC_0183-300x201.jpg 300w, https:\/\/www.kolpingevent.de\/wp-content\/uploads\/2021\/04\/DSC_0183-768x514.jpg 768w, https:\/\/www.kolpingevent.de\/wp-content\/uploads\/2021\/04\/DSC_0183-1536x1028.jpg 1536w, https:\/\/www.kolpingevent.de\/wp-content\/uploads\/2021\/04\/DSC_0183-2048x1371.jpg 2048w\" sizes=\"(max-width: 1024px) 100vw, 1024px\" \/><\/figure><\/li><li class=\"blocks-gallery-item\"><figure><img loading=\"lazy\" width=\"1024\" height=\"685\" src=\"http:\/\/www.kolpingevent.de\/wp-content\/uploads\/2021\/04\/DSC_0191-1024x685.jpg\" alt=\"\" data-id=\"1132\" data-full-url=\"http:\/\/www.kolpingevent.de\/wp-content\/uploads\/2021\/04\/DSC_0191-scaled.jpg\" data-link=\"http:\/\/www.kolpingevent.de\/?attachment_id=1132\" class=\"wp-image-1132\" srcset=\"https:\/\/www.kolpingevent.de\/wp-content\/uploads\/2021\/04\/DSC_0191-1024x685.jpg 1024w, https:\/\/www.kolpingevent.de\/wp-content\/uploads\/2021\/04\/DSC_0191-300x201.jpg 300w, https:\/\/www.kolpingevent.de\/wp-content\/uploads\/2021\/04\/DSC_0191-768x514.jpg 768w, https:\/\/www.kolpingevent.de\/wp-content\/uploads\/2021\/04\/DSC_0191-1536x1028.jpg 1536w, https:\/\/www.kolpingevent.de\/wp-content\/uploads\/2021\/04\/DSC_0191-2048x1371.jpg 2048w\" sizes=\"(max-width: 1024px) 100vw, 1024px\" \/><\/figure><\/li><\/ul><\/figure>\n","protected":false},"excerpt":{"rendered":"<p>Tannenbaumverkauf mit WeihnachtsmarktSeit mehr als 10 Jahren gibt es nun den Tannenbaumverkauf auf der Pfingstweide. P\u00fcnktlich um 12 Uhr geht es los. Neben den B\u00e4umen gibt es leckere Bratw\u00fcrste, hei\u00dfen Gl\u00fchwein oder Kinderpunsch und Blasmusik zur Unterhaltung. Am 11.12.2021 ist &hellip; <a href=\"https:\/\/www.kolpingevent.de\/?page_id=1013\">Weiterlesen <span class=\"meta-nav\">&rarr;<\/span><\/a><\/p>\n","protected":false},"author":1,"featured_media":0,"parent":0,"menu_order":0,"comment_status":"closed","ping_status":"closed","template":"","meta":[],"_links":{"self":[{"href":"https:\/\/www.kolpingevent.de\/index.php?rest_route=\/wp\/v2\/pages\/1013"}],"collection":[{"href":"https:\/\/www.kolpingevent.de\/index.php?rest_route=\/wp\/v2\/pages"}],"about":[{"href":"https:\/\/www.kolpingevent.de\/index.php?rest_route=\/wp\/v2\/types\/page"}],"author":[{"embeddable":true,"href":"https:\/\/www.kolpingevent.de\/index.php?rest_route=\/wp\/v2\/users\/1"}],"replies":[{"embeddable":true,"href":"https:\/\/www.kolpingevent.de\/index.php?rest_route=%2Fwp%2Fv2%2Fcomments&post=1013"}],"version-history":[{"count":8,"href":"https:\/\/www.kolpingevent.de\/index.php?rest_route=\/wp\/v2\/pages\/1013\/revisions"}],"predecessor-version":[{"id":1357,"href":"https:\/\/www.kolpingevent.de\/index.php?rest_route=\/wp\/v2\/pages\/1013\/revisions\/1357"}],"wp:attachment":[{"href":"https:\/\/www.kolpingevent.de\/index.php?rest_route=%2Fwp%2Fv2%2Fmedia&parent=1013"}],"curies":[{"name":"wp","href":"https:\/\/api.w.org\/{rel}","templated":true}]}}