{"id":1014,"date":"2020-03-24T11:24:36","date_gmt":"2020-03-24T09:24:36","guid":{"rendered":"http:\/\/www.kolpingevent.de\/?page_id=1014"},"modified":"2023-11-14T22:17:01","modified_gmt":"2023-11-14T20:17:01","slug":"segeltoern","status":"publish","type":"page","link":"https:\/\/www.kolpingevent.de\/?page_id=1014","title":{"rendered":"Segelt\u00f6rn 2023"},"content":{"rendered":"\n<figure class=\"wp-block-gallery columns-1 is-cropped\"><ul class=\"blocks-gallery-grid\"><li class=\"blocks-gallery-item\"><figure><a href=\"http:\/\/www.kolpingevent.de\/wp-content\/uploads\/2023\/11\/Segeltoern-2023.jpg\"><img loading=\"lazy\" width=\"798\" height=\"533\" src=\"http:\/\/www.kolpingevent.de\/wp-content\/uploads\/2023\/11\/Segeltoern-2023.jpg\" alt=\"\" data-id=\"1353\" data-full-url=\"http:\/\/www.kolpingevent.de\/wp-content\/uploads\/2023\/11\/Segeltoern-2023.jpg\" data-link=\"http:\/\/www.kolpingevent.de\/?attachment_id=1353\" class=\"wp-image-1353\" srcset=\"https:\/\/www.kolpingevent.de\/wp-content\/uploads\/2023\/11\/Segeltoern-2023.jpg 798w, https:\/\/www.kolpingevent.de\/wp-content\/uploads\/2023\/11\/Segeltoern-2023-300x200.jpg 300w, https:\/\/www.kolpingevent.de\/wp-content\/uploads\/2023\/11\/Segeltoern-2023-768x513.jpg 768w\" sizes=\"(max-width: 798px) 100vw, 798px\" \/><\/a><\/figure><\/li><\/ul><\/figure>\n\n\n\n<p><strong>Auf hoher See!<\/strong><\/p>\n\n\n\n<p>Segelt\u00f6rn der Kolpingsfamilie<\/p>\n\n\n\n<p>26 wackere, seefeste Pf\u00e4lzer trafen sich am 20. Juli 2023 im Hafen der niederl\u00e4ndischen K\u00fcstenstadt Harlingen. Ziel der Gruppe aus Mitgliedern der Kolpingjugend und des Familienkreises der Kolpingsfamilie Ludwigshafen-Pfingstweide war der Dreimaster Morgana. Das knapp 35 Meter lange Schiff, das 1924 gebaut wurde, sollte f\u00fcr eine Woche die Heimat der bunt gemischten Gruppe werden. Nachdem Skipper Mark alle an Bord begr\u00fc\u00dft hatte, die Kaj\u00fcten verteilt und das Material verstaut waren, ging es in die erste Nacht. Beim gegenseitigen Kennenlernen wurden am n\u00e4chsten Morgen die Aufgaben zwischen den 16 Erwachsenen und 10 Kindern verteilt. Mit Blick auf die Wetterkarte stand dann auch recht schnell die Fahrtroute der n\u00e4chsten Tage fest. \u00dcber die Nordseeinseln Terschelling und Ameland sollte es nach Lauwersogg gehen. Von dort durch die Kan\u00e4le \u00fcber Dokkum und Leeuwarden zur\u00fcck nach Harlingen.<\/p>\n\n\n\n<p>Die Routinen mit Segel hissen, Fender einholen und Taue aufrollen waren schnell verinnerlicht. Kein Wunder, waren die meisten doch bereits vor zwei Jahren auf der Segeltour mit der Zeven Wouden mit dabei. Auch das Steuern eines solch gro\u00dfen Schiffes durfte von Gro\u00df und Klein ge\u00fcbt werden. Die Fahrt am Montag nach Terschelling war aufgrund des sonnigen Wetters und des leichten Windes herrlich entspannt. Am Abend konnten dann die Sehensw\u00fcrdigkeiten der Inselhauptstadt West-Terschelling erkundet werden, bevor es nach einer kurzen Nacht am n\u00e4chsten Morgen weiter auf die Nachbarinsel Ameland ging.<\/p>\n\n\n\n<p>In der Inselhauptstadt Nes ging es zun\u00e4chst zum Fahrradverleih und anschlie\u00dfend im gro\u00dfen Tross an den Strand auf der Nordseite der Insel. Der traumhafte Sommertag wurde ausgiebig mit Baden verbracht. Erst zum Abend ging es wieder aufs Schiff zur\u00fcck. Aufgrund des tollen Wetters am n\u00e4chsten Morgen ging es nochmals mit den R\u00e4dern \u00fcber die Insel. Ein abwechslungsreicher Spielplatz inmitten von Nes war ein tolles Ziel, bevor es nach einem fischigen Mittagessen zur\u00fcck aufs Schiff ging.<\/p>\n\n\n\n<p>Entlang der Silhouette von Ameland und Schiermonnikoog ging es dann am Donnerstag in das beschauliche Lauwersogg. F\u00fcr Segelschiffe dieser Gr\u00f6\u00dfe ist dieser Hafen nur selten ein m\u00f6glicher Anlaufpunkt, weshalb das Schiff schon bei der Einfahrt durch die Schleuse f\u00fcr Aufsehen sorgte. Am n\u00e4chsten Morgen ging es weiter ins Landesinnere und durch Kan\u00e4le in das beschauliche St\u00e4dtchen Dokkum. Mit ihrer alten, sternf\u00f6rmigen Festungsanlage hat die Stadt schon bei der Durchfahrt sehr viel geboten.<\/p>\n\n\n\n<p>Der n\u00e4chste Tag stand dann ganz unter dem Eindruck der Kan\u00e4le \u2013 ein Dreimaster bei der Fahrt durch die Vorg\u00e4rten ist dort ein Ereignis und so wurde das Schiff mit Besatzung unz\u00e4hlige Male von Land aus in Bild und Ton festgehalten. Die Fahrt durch Leeuwarden zum Liegeplatz war dann auch fahrtechnisch eine Herausforderung, denn die Br\u00fcckendurchfahrten wurden immer enger.<\/p>\n\n\n\n<p>Am Samstag folgte die Fahrt durch die Kan\u00e4le zur\u00fcck an den Startpunkt Harlingen. Ohne Halt ging es weiter durch die Schleuse ins IJsselmeer. Dort konnten noch einmal die Segel gehisst werden, um den letzten Hafen, Makkum, anzusteuern. Das dortige Hafenfest bot einen w\u00fcrdigen Abschluss f\u00fcr die Reise. Am Sonntagmorgen ging es unter dem Eindruck einer drohenden Regenfront zur\u00fcck nach Harlingen. Ein echtes Abenteuer ging so mit viel sch\u00f6nem Wetter, tollen Erlebnissen und einer sch\u00f6nen Gruppengemeinschaft zu Ende.&nbsp;&nbsp;&nbsp;&nbsp;&nbsp;&nbsp;&nbsp;&nbsp;&nbsp;&nbsp;&nbsp;&nbsp;&nbsp;&nbsp;&nbsp;&nbsp;&nbsp;&nbsp; Marc Schmidt<\/p>\n","protected":false},"excerpt":{"rendered":"<p>Auf hoher See! Segelt\u00f6rn der Kolpingsfamilie 26 wackere, seefeste Pf\u00e4lzer trafen sich am 20. Juli 2023 im Hafen der niederl\u00e4ndischen K\u00fcstenstadt Harlingen. Ziel der Gruppe aus Mitgliedern der Kolpingjugend und des Familienkreises der Kolpingsfamilie Ludwigshafen-Pfingstweide war der Dreimaster Morgana. Das &hellip; <a href=\"https:\/\/www.kolpingevent.de\/?page_id=1014\">Weiterlesen <span class=\"meta-nav\">&rarr;<\/span><\/a><\/p>\n","protected":false},"author":1,"featured_media":1034,"parent":0,"menu_order":0,"comment_status":"closed","ping_status":"closed","template":"","meta":[],"_links":{"self":[{"href":"https:\/\/www.kolpingevent.de\/index.php?rest_route=\/wp\/v2\/pages\/1014"}],"collection":[{"href":"https:\/\/www.kolpingevent.de\/index.php?rest_route=\/wp\/v2\/pages"}],"about":[{"href":"https:\/\/www.kolpingevent.de\/index.php?rest_route=\/wp\/v2\/types\/page"}],"author":[{"embeddable":true,"href":"https:\/\/www.kolpingevent.de\/index.php?rest_route=\/wp\/v2\/users\/1"}],"replies":[{"embeddable":true,"href":"https:\/\/www.kolpingevent.de\/index.php?rest_route=%2Fwp%2Fv2%2Fcomments&post=1014"}],"version-history":[{"count":7,"href":"https:\/\/www.kolpingevent.de\/index.php?rest_route=\/wp\/v2\/pages\/1014\/revisions"}],"predecessor-version":[{"id":1354,"href":"https:\/\/www.kolpingevent.de\/index.php?rest_route=\/wp\/v2\/pages\/1014\/revisions\/1354"}],"wp:featuredmedia":[{"embeddable":true,"href":"https:\/\/www.kolpingevent.de\/index.php?rest_route=\/wp\/v2\/media\/1034"}],"wp:attachment":[{"href":"https:\/\/www.kolpingevent.de\/index.php?rest_route=%2Fwp%2Fv2%2Fmedia&parent=1014"}],"curies":[{"name":"wp","href":"https:\/\/api.w.org\/{rel}","templated":true}]}}