{"id":1078,"date":"2020-09-27T11:10:02","date_gmt":"2020-09-27T09:10:02","guid":{"rendered":"http:\/\/www.kolpingevent.de\/?page_id=1078"},"modified":"2024-07-12T14:51:46","modified_gmt":"2024-07-12T12:51:46","slug":"kolping-kids","status":"publish","type":"page","link":"https:\/\/www.kolpingevent.de\/?page_id=1078","title":{"rendered":"Kolping-Kids"},"content":{"rendered":"\n<p>Wir, die <strong>Kolping Kids<\/strong>, sind eine Jugendgruppe, die aus Kindern und Jugendlichen im Alter zwischen mind. 8 und max. 10 Jahren besteht.<\/p>\n\n\n\n<p>Wir treffen uns regelm\u00e4\u00dfig einmal die Woche donnerstags von 17.00 Uhr bis 18.00 Uhr (au\u00dfer in den Schulferien) im Pfarrzentrum St. Albert zum Spielen, Kochen, Kreative Ideen umsetzen .<\/p>\n\n\n\n<p>Unsere Gruppenleiter sind Silvia Beoles und Julia Wieckiewiecz, aber wir haben auch viel Mitspracherecht  und k\u00f6nnen selbst entscheiden, wie wir unsere Gruppenstunde gestalten m\u00f6chten!<\/p>\n\n\n\n<p>Wenn du auch zwischen 8 und 10 Jahre alt bist und Lust hast, dich in unsere Gruppenstunde einzubringen und neue Leute kennen zu lernen, dann schau doch einfach mal vorbei!!<\/p>\n\n\n\n<p>Silvia.Beoles(ed)kolpingevent.de<\/p>\n\n\n\n<p>Julia.Wieckiewicz(ed)kolpingevent.de<\/p>\n","protected":false},"excerpt":{"rendered":"<p>Wir, die Kolping Kids, sind eine Jugendgruppe, die aus Kindern und Jugendlichen im Alter zwischen mind. 8 und max. 10 Jahren besteht. Wir treffen uns regelm\u00e4\u00dfig einmal die Woche donnerstags von 17.00 Uhr bis 18.00 Uhr (au\u00dfer in den Schulferien) &hellip; <a href=\"https:\/\/www.kolpingevent.de\/?page_id=1078\">Weiterlesen <span class=\"meta-nav\">&rarr;<\/span><\/a><\/p>\n","protected":false},"author":1,"featured_media":0,"parent":0,"menu_order":0,"comment_status":"closed","ping_status":"closed","template":"","meta":[],"_links":{"self":[{"href":"https:\/\/www.kolpingevent.de\/index.php?rest_route=\/wp\/v2\/pages\/1078"}],"collection":[{"href":"https:\/\/www.kolpingevent.de\/index.php?rest_route=\/wp\/v2\/pages"}],"about":[{"href":"https:\/\/www.kolpingevent.de\/index.php?rest_route=\/wp\/v2\/types\/page"}],"author":[{"embeddable":true,"href":"https:\/\/www.kolpingevent.de\/index.php?rest_route=\/wp\/v2\/users\/1"}],"replies":[{"embeddable":true,"href":"https:\/\/www.kolpingevent.de\/index.php?rest_route=%2Fwp%2Fv2%2Fcomments&post=1078"}],"version-history":[{"count":3,"href":"https:\/\/www.kolpingevent.de\/index.php?rest_route=\/wp\/v2\/pages\/1078\/revisions"}],"predecessor-version":[{"id":1399,"href":"https:\/\/www.kolpingevent.de\/index.php?rest_route=\/wp\/v2\/pages\/1078\/revisions\/1399"}],"wp:attachment":[{"href":"https:\/\/www.kolpingevent.de\/index.php?rest_route=%2Fwp%2Fv2%2Fmedia&parent=1078"}],"curies":[{"name":"wp","href":"https:\/\/api.w.org\/{rel}","templated":true}]}}