{"id":18,"date":"2010-10-19T20:42:49","date_gmt":"2010-10-19T18:42:49","guid":{"rendered":"http:\/\/neu.kolpingcafe.de\/?page_id=18"},"modified":"2016-10-03T12:58:16","modified_gmt":"2016-10-03T10:58:16","slug":"bilder","status":"publish","type":"page","link":"https:\/\/www.kolpingevent.de\/?page_id=18","title":{"rendered":"Bilder"},"content":{"rendered":"<p style=\"text-align: left;\">In dieser Katogorie k\u00f6nnt ihr euch uns anschauen. unsere Veranstaltungen und Aktionen. Vielleicht habt ihr dann auch Lust auf mehr und wollt uns pers\u00f6nlich kennenlernen. F\u00fcr die die dabei waren viel Spa\u00df beim anschauen.<\/p>\n<p style=\"text-align: center;\"><a title=\"Pfingsfreizeit 2016\" href=\"http:\/\/www.kolpingcafe.de\/?page_id=788\"><img loading=\"lazy\" class=\"aligncenter size-medium wp-image-780\" title=\"Pfingsfreizeit 2016\" src=\"http:\/\/www.kolpingcafe.de\/wp-content\/uploads\/2010\/10\/DSC_1132-300x201.jpg\" alt=\"\" width=\"300\" height=\"201\" srcset=\"https:\/\/www.kolpingevent.de\/wp-content\/uploads\/2010\/10\/DSC_1132-300x201.jpg 300w, https:\/\/www.kolpingevent.de\/wp-content\/uploads\/2010\/10\/DSC_1132.jpg 500w\" sizes=\"(max-width: 300px) 100vw, 300px\" \/><\/a><\/p>\n<p style=\"text-align: center;\"><strong><span style=\"text-decoration: underline;\">Pfingsfreizeit 2016<\/span><\/strong><\/p>\n<p style=\"text-align: center;\"><strong><\/strong><a title=\"Pfingsfreizeit 2015\" href=\"http:\/\/www.kolpingcafe.de\/?page_id=784\"><img loading=\"lazy\" class=\"aligncenter size-medium wp-image-781\" title=\"Pfingsfreizeit 2015\" src=\"http:\/\/www.kolpingcafe.de\/wp-content\/uploads\/2010\/10\/DSC_0619-300x201.jpg\" alt=\"\" width=\"300\" height=\"201\" srcset=\"https:\/\/www.kolpingevent.de\/wp-content\/uploads\/2010\/10\/DSC_0619-300x201.jpg 300w, https:\/\/www.kolpingevent.de\/wp-content\/uploads\/2010\/10\/DSC_0619.jpg 500w\" sizes=\"(max-width: 300px) 100vw, 300px\" \/><\/a><\/p>\n<p style=\"text-align: center;\"><span style=\"text-decoration: underline;\"><strong>Pfingsfreizeit 2015<\/strong><\/span><\/p>\n<p style=\"text-align: center;\"><a title=\"Segelt\u00f6rn 2014\" href=\"http:\/\/www.kolpingcafe.de\/?page_id=615\"><img loading=\"lazy\" class=\"aligncenter size-medium wp-image-363\" title=\"IMGP5439\" src=\"http:\/\/www.kolpingcafe.de\/wp-content\/uploads\/2010\/10\/IMGP5439-300x225.jpg\" alt=\"\" width=\"239\" height=\"179\" srcset=\"https:\/\/www.kolpingevent.de\/wp-content\/uploads\/2010\/10\/IMGP5439-300x225.jpg 300w, https:\/\/www.kolpingevent.de\/wp-content\/uploads\/2010\/10\/IMGP5439-1024x768.jpg 1024w\" sizes=\"(max-width: 239px) 100vw, 239px\" \/><\/a><strong>Segelt\u00f6rn 2012<\/strong><\/p>\n<p style=\"text-align: center;\">\n","protected":false},"excerpt":{"rendered":"<p>In dieser Katogorie k\u00f6nnt ihr euch uns anschauen. unsere Veranstaltungen und Aktionen. Vielleicht habt ihr dann auch Lust auf mehr und wollt uns pers\u00f6nlich kennenlernen. F\u00fcr die die dabei waren viel Spa\u00df beim anschauen. Pfingsfreizeit 2016 Pfingsfreizeit 2015 Segelt\u00f6rn 2012<\/p>\n","protected":false},"author":1,"featured_media":0,"parent":0,"menu_order":0,"comment_status":"closed","ping_status":"closed","template":"","meta":[],"_links":{"self":[{"href":"https:\/\/www.kolpingevent.de\/index.php?rest_route=\/wp\/v2\/pages\/18"}],"collection":[{"href":"https:\/\/www.kolpingevent.de\/index.php?rest_route=\/wp\/v2\/pages"}],"about":[{"href":"https:\/\/www.kolpingevent.de\/index.php?rest_route=\/wp\/v2\/types\/page"}],"author":[{"embeddable":true,"href":"https:\/\/www.kolpingevent.de\/index.php?rest_route=\/wp\/v2\/users\/1"}],"replies":[{"embeddable":true,"href":"https:\/\/www.kolpingevent.de\/index.php?rest_route=%2Fwp%2Fv2%2Fcomments&post=18"}],"version-history":[{"count":27,"href":"https:\/\/www.kolpingevent.de\/index.php?rest_route=\/wp\/v2\/pages\/18\/revisions"}],"predecessor-version":[{"id":216,"href":"https:\/\/www.kolpingevent.de\/index.php?rest_route=\/wp\/v2\/pages\/18\/revisions\/216"}],"wp:attachment":[{"href":"https:\/\/www.kolpingevent.de\/index.php?rest_route=%2Fwp%2Fv2%2Fmedia&parent=18"}],"curies":[{"name":"wp","href":"https:\/\/api.w.org\/{rel}","templated":true}]}}