{"id":8,"date":"2010-10-16T18:53:37","date_gmt":"2010-10-16T16:53:37","guid":{"rendered":"http:\/\/neu.kolpingcafe.de\/?page_id=8"},"modified":"2024-03-13T08:59:09","modified_gmt":"2024-03-13T06:59:09","slug":"gruppenstunden","status":"publish","type":"page","link":"https:\/\/www.kolpingevent.de\/?page_id=8","title":{"rendered":"Gruppenstunden"},"content":{"rendered":"<p><a href=\"http:\/\/www.kolpingcafe.de\/wp-content\/uploads\/2011\/02\/Vorstand-Kolpingjugend.jpg\"><img loading=\"lazy\" class=\"alignleft size-full wp-image-247\" title=\"Vorstand Kolpingjugend\" src=\"http:\/\/www.kolpingcafe.de\/wp-content\/uploads\/2011\/02\/Vorstand-Kolpingjugend.jpg\" alt=\"\" width=\"120\" height=\"91\" \/><\/a>Wir sind der Vorstand der Kolpingjugend Pfingstweide. Bis zu 40 Kinder, Jugendliche und junge Erwachsene sind bei uns aktiv. Das zeigt sich auch an unseren vielen Gruppen die sich mehr oder weniger regelm\u00e4\u00dfig treffen. Neben den Aktionen, wie dem Kolpingcaf\u00e9 sind uns diese besonders wichtig, denn da f\u00fchlen wir uns wohl und erleben Gemeinschaft und k\u00f6nnen einiges auf die Beine stellen. Wollt ihr auch etwas erleben dann meldet euch. Weiteres zu den einzelnen Gruppen k\u00f6nnt ihr hiererfahren<\/p>\n<p>\u00a0<\/p>\n\n\n<figure class=\"wp-block-image size-full is-style-default\"><a href=\"http:\/\/www.kolpingevent.de\/wp-content\/uploads\/2024\/03\/Gruppenstunden.jpg\"><img loading=\"lazy\" width=\"789\" height=\"558\" src=\"http:\/\/www.kolpingevent.de\/wp-content\/uploads\/2024\/03\/Gruppenstunden.jpg\" alt=\"\" class=\"wp-image-1383\" srcset=\"https:\/\/www.kolpingevent.de\/wp-content\/uploads\/2024\/03\/Gruppenstunden.jpg 789w, https:\/\/www.kolpingevent.de\/wp-content\/uploads\/2024\/03\/Gruppenstunden-300x212.jpg 300w, https:\/\/www.kolpingevent.de\/wp-content\/uploads\/2024\/03\/Gruppenstunden-768x543.jpg 768w\" sizes=\"(max-width: 789px) 100vw, 789px\" \/><\/a><\/figure>\n","protected":false},"excerpt":{"rendered":"<p>Wir sind der Vorstand der Kolpingjugend Pfingstweide. Bis zu 40 Kinder, Jugendliche und junge Erwachsene sind bei uns aktiv. Das zeigt sich auch an unseren vielen Gruppen die sich mehr oder weniger regelm\u00e4\u00dfig treffen. Neben den Aktionen, wie dem Kolpingcaf\u00e9 &hellip; <a href=\"https:\/\/www.kolpingevent.de\/?page_id=8\">Weiterlesen <span class=\"meta-nav\">&rarr;<\/span><\/a><\/p>\n","protected":false},"author":1,"featured_media":0,"parent":0,"menu_order":4,"comment_status":"closed","ping_status":"closed","template":"","meta":[],"_links":{"self":[{"href":"https:\/\/www.kolpingevent.de\/index.php?rest_route=\/wp\/v2\/pages\/8"}],"collection":[{"href":"https:\/\/www.kolpingevent.de\/index.php?rest_route=\/wp\/v2\/pages"}],"about":[{"href":"https:\/\/www.kolpingevent.de\/index.php?rest_route=\/wp\/v2\/types\/page"}],"author":[{"embeddable":true,"href":"https:\/\/www.kolpingevent.de\/index.php?rest_route=\/wp\/v2\/users\/1"}],"replies":[{"embeddable":true,"href":"https:\/\/www.kolpingevent.de\/index.php?rest_route=%2Fwp%2Fv2%2Fcomments&post=8"}],"version-history":[{"count":31,"href":"https:\/\/www.kolpingevent.de\/index.php?rest_route=\/wp\/v2\/pages\/8\/revisions"}],"predecessor-version":[{"id":1384,"href":"https:\/\/www.kolpingevent.de\/index.php?rest_route=\/wp\/v2\/pages\/8\/revisions\/1384"}],"wp:attachment":[{"href":"https:\/\/www.kolpingevent.de\/index.php?rest_route=%2Fwp%2Fv2%2Fmedia&parent=8"}],"curies":[{"name":"wp","href":"https:\/\/api.w.org\/{rel}","templated":true}]}}